{"id":444,"date":"2017-02-07T13:33:01","date_gmt":"2017-02-07T13:33:01","guid":{"rendered":"https:\/\/www.radovansancevic.com\/web2022\/?page_id=444"},"modified":"2024-02-26T02:01:20","modified_gmt":"2024-02-26T02:01:20","slug":"contacto","status":"publish","type":"page","link":"https:\/\/www.radovansancevic.com\/web2022\/contacto\/","title":{"rendered":"Contacto"},"content":{"rendered":"<section class=\"wpb-content-wrapper\"><p>[vc_row][vc_column]<div id=\"sc_title_9329881\"\r\n\t\tclass=\"sc_title color_style_default sc_title_default\"><h6 class=\"sc_item_subtitle sc_title_subtitle sc_align_center sc_item_title_style_default\">Evaluaci\u00f3n, diagn\u00f3stico y tratamiento<\/h6><h3 class=\"sc_item_title sc_title_title sc_align_center sc_item_title_style_default\">Atenci\u00f3n al Cliente<\/h3><\/div><!-- \/.sc_title -->[vc_empty_space height=&#8221;3em&#8221; alter_height=&#8221;none&#8221; hide_on_desktop=&#8221;&#8221; hide_on_notebook=&#8221;&#8221; hide_on_tablet=&#8221;&#8221; hide_on_mobile=&#8221;&#8221;][vc_column_text]<\/p>\n<p style=\"text-align: center;\">Nuestro equipo tiene una log\u00edstica 360\u00b0: desde la solicitud de citas, todo el proceso administrativo cl\u00ednica-seguros, la organizaci\u00f3n general de su cirug\u00eda o tratamiento, seguimiento cl\u00ednico de su recuperaci\u00f3n post-operatoria y fisioterapia.<\/p>\n<p>[\/vc_column_text][vc_empty_space height=&#8221;3.6em&#8221; alter_height=&#8221;none&#8221; hide_on_desktop=&#8221;&#8221; hide_on_notebook=&#8221;&#8221; hide_on_tablet=&#8221;&#8221; hide_on_mobile=&#8221;&#8221;]<div id=\"sc_icons_366968158\" \r\n\tclass=\"sc_icons sc_icons_default sc_icons_size_small sc_align_center\"><div class=\"sc_icons_columns_wrap sc_item_columns trx_addons_columns_wrap columns_padding_bottom\"><div class=\"trx_addons_column-1_4\"><div class=\"sc_icons_item sc_icons_item_linked\"><div id=\"sc_icons_366968158_icon-smartphone-1\" class=\"sc_icons_icon sc_icon_type_ icon-smartphone-1\"\r\n\t\t\t\t\t\t style=\"color: #171a1d\"\t\t\t\t\t\t><span class=\"sc_icon_type_ icon-smartphone-1\" style=\"color: #171a1d\"><\/span><\/div><div class=\"sc_icons_item_description\"><span>WhatsApp:<\/span><span>+584167219598<\/span><\/div><a href=\"https:\/\/api.whatsapp.com\/send?phone=584167219598&#038;text=Buenas%2C%20quisiera%20tener%20m%C3%A1s%20informaci%C3%B3n%20acerca%20de...\" class=\"sc_icons_item_link\"><\/a><\/div><\/div><div class=\"trx_addons_column-1_4\"><div class=\"sc_icons_item sc_icons_item_linked\"><div id=\"sc_icons_366968158_icon-map-marker-point\" class=\"sc_icons_icon sc_icon_type_ icon-map-marker-point\"\r\n\t\t\t\t\t\t style=\"color: #171a1d\"\t\t\t\t\t\t><span class=\"sc_icon_type_ icon-map-marker-point\" style=\"color: #171a1d\"><\/span><\/div><div class=\"sc_icons_item_description\"><span>Urol\u00f3gico San Roman, PB Consultorio 1<\/span><\/div><a href=\"https:\/\/goo.gl\/maps\/2ZZFEEiYRzmDeiF78\" class=\"sc_icons_item_link\"><\/a><\/div><\/div><div class=\"trx_addons_column-1_4\"><div class=\"sc_icons_item sc_icons_item_linked\"><div id=\"sc_icons_366968158_icon-mail-light\" class=\"sc_icons_icon sc_icon_type_ icon-mail-light\"\r\n\t\t\t\t\t\t style=\"color: #171a1d\"\t\t\t\t\t\t><span class=\"sc_icon_type_ icon-mail-light\" style=\"color: #171a1d\"><\/span><\/div><div class=\"sc_icons_item_description\"><span>contacto@radovansancevic.com<\/span><\/div><a href=\"mailto:contacto@radovansancevic.com\" class=\"sc_icons_item_link\"><\/a><\/div><\/div><div class=\"trx_addons_column-1_4\"><div class=\"sc_icons_item\"><div id=\"sc_icons_366968158_icon-phone\" class=\"sc_icons_icon sc_icon_type_ icon-phone\"\r\n\t\t\t\t\t\t style=\"color: #171a1d\"\t\t\t\t\t\t><span class=\"sc_icon_type_ icon-phone\" style=\"color: #171a1d\"><\/span><\/div><div class=\"sc_icons_item_description\"><span>Consultorio:<\/span><span>0212-9990122<\/span><\/div><\/div><\/div><\/div><\/div><!-- \/.sc_icons -->[vc_empty_space height=&#8221;4.2em&#8221; alter_height=&#8221;none&#8221; hide_on_desktop=&#8221;&#8221; hide_on_notebook=&#8221;&#8221; hide_on_tablet=&#8221;&#8221; hide_on_mobile=&#8221;&#8221;][vc_row_inner][vc_column_inner width=&#8221;1\/6&#8243;][\/vc_column_inner][vc_column_inner width=&#8221;2\/3&#8243;]<div role=\"form\" class=\"wpcf7\" id=\"wpcf7-f2345-o1\" lang=\"en-US\" dir=\"ltr\">\n<div class=\"screen-reader-response\"><p role=\"status\" aria-live=\"polite\" aria-atomic=\"true\"><\/p> <ul><\/ul><\/div>\n<form action=\"\/web2022\/wp-json\/wp\/v2\/pages\/444#wpcf7-f2345-o1\" method=\"post\" class=\"wpcf7-form init\" novalidate=\"novalidate\" data-status=\"init\">\n<div style=\"display: none;\">\n<input type=\"hidden\" name=\"_wpcf7\" value=\"2345\" \/>\n<input type=\"hidden\" name=\"_wpcf7_version\" value=\"5.6.4\" \/>\n<input type=\"hidden\" name=\"_wpcf7_locale\" value=\"en_US\" \/>\n<input type=\"hidden\" name=\"_wpcf7_unit_tag\" value=\"wpcf7-f2345-o1\" \/>\n<input type=\"hidden\" name=\"_wpcf7_container_post\" value=\"0\" \/>\n<input type=\"hidden\" name=\"_wpcf7_posted_data_hash\" value=\"\" \/>\n<\/div>\n<div class=\"extra_form light\">\n<div class=\"columns_wrap\">\n<div class=\"column-1_2\"><span class=\"wpcf7-form-control-wrap\" data-name=\"text-179\"><input type=\"text\" name=\"text-179\" value=\"\" size=\"40\" class=\"wpcf7-form-control wpcf7-text wpcf7-validates-as-required\" aria-required=\"true\" aria-invalid=\"false\" placeholder=\"Nombre\" \/><\/span><\/div>\n<div class=\"column-1_2\"><span class=\"wpcf7-form-control-wrap\" data-name=\"email-565\"><input type=\"email\" name=\"email-565\" value=\"\" size=\"40\" class=\"wpcf7-form-control wpcf7-text wpcf7-email wpcf7-validates-as-required wpcf7-validates-as-email\" aria-required=\"true\" aria-invalid=\"false\" placeholder=\"Email\" \/><\/span><\/div>\n<\/div>\n<div class=\"columns_wrap\">\n<div class=\"column-1_1\"><span class=\"wpcf7-form-control-wrap\" data-name=\"textarea-279\"><textarea name=\"textarea-279\" cols=\"40\" rows=\"10\" class=\"wpcf7-form-control wpcf7-textarea\" aria-invalid=\"false\" placeholder=\"Mensaje\"><\/textarea><\/span><\/div>\n<\/div>\n<div class=\"columns_wrap\">\n<div class=\"column-1_1\"><span class=\"wpcf7-form-control-wrap\" data-name=\"acceptance-157\"><span class=\"wpcf7-form-control wpcf7-acceptance\"><span class=\"wpcf7-list-item\"><label><input type=\"checkbox\" name=\"acceptance-157\" value=\"1\" aria-invalid=\"false\" \/><span class=\"wpcf7-list-item-label\">Acepto que mis datos enviados se recopilen y almacenen.<\/span><\/label><\/span><\/span><\/span><\/div>\n<\/div>\n<div class=\"columns_wrap\">\n<div class=\"column-1_1\"><input type=\"submit\" value=\"Enviar mensaje\" class=\"wpcf7-form-control has-spinner wpcf7-submit\" \/><\/div>\n<\/div>\n<\/div>\n<div class=\"wpcf7-response-output\" aria-hidden=\"true\"><\/div><\/form><\/div>[\/vc_column_inner][vc_column_inner width=&#8221;1\/6&#8243;][\/vc_column_inner][\/vc_row_inner][vc_empty_space height=&#8221;6em&#8221; alter_height=&#8221;none&#8221; hide_on_desktop=&#8221;&#8221; hide_on_notebook=&#8221;&#8221; hide_on_tablet=&#8221;&#8221; hide_on_mobile=&#8221;&#8221;][\/vc_column][\/vc_row][vc_row full_width=&#8221;stretch_row_content_no_spaces&#8221;][vc_column]<div id=\"sc_googlemap_1972568348_wrap\" class=\"sc_googlemap_wrap\"><div id=\"sc_googlemap_1972568348\"\r\n\t\t\tclass=\"sc_googlemap sc_googlemap_default\"\r\n\t\t\t style=\"width:100%;height:177px;\"\t\t\tdata-zoom=\"12\"\r\n\t\t\tdata-style=\"dark\"\r\n\t\t\tdata-cluster-icon=\"\"\r\n\r\n\t\t\t><iframe\r\n\t\t\t\t\tsrc=\"https:\/\/maps.google.com\/maps?t=m&output=embed&iwloc=near&z=12&q=Calle+Chivacoa%2C+Caracas+1061%2C+Miranda@10.47236179392509,-66.85600145841941\"\r\n\t\t\t\t\tscrolling=\"no\"\r\n\t\t\t\t\tmarginheight=\"0\"\r\n\t\t\t\t\tmarginwidth=\"0\"\r\n\t\t\t\t\tframeborder=\"0\"\r\n\t\t\t\t\taria-label=\"\"><\/iframe><\/div><\/div><!-- \/.sc_googlemap_wrap -->[\/vc_column][\/vc_row]<\/p>\n<\/section>","protected":false},"excerpt":{"rendered":"<p>[vc_row][vc_column][vc_empty_space height=&#8221;3em&#8221; alter_height=&#8221;none&#8221; hide_on_desktop=&#8221;&#8221; hide_on_notebook=&#8221;&#8221; hide_on_tablet=&#8221;&#8221; hide_on_mobile=&#8221;&#8221;][vc_column_text] Nuestro equipo tiene una log\u00edstica 360\u00b0: desde la solicitud de citas, todo el proceso administrativo cl\u00ednica-seguros, la organizaci\u00f3n general de su cirug\u00eda o&hellip;<\/p>\n","protected":false},"author":1,"featured_media":0,"parent":0,"menu_order":0,"comment_status":"closed","ping_status":"closed","template":"","meta":[],"_links":{"self":[{"href":"https:\/\/www.radovansancevic.com\/web2022\/wp-json\/wp\/v2\/pages\/444"}],"collection":[{"href":"https:\/\/www.radovansancevic.com\/web2022\/wp-json\/wp\/v2\/pages"}],"about":[{"href":"https:\/\/www.radovansancevic.com\/web2022\/wp-json\/wp\/v2\/types\/page"}],"author":[{"embeddable":true,"href":"https:\/\/www.radovansancevic.com\/web2022\/wp-json\/wp\/v2\/users\/1"}],"replies":[{"embeddable":true,"href":"https:\/\/www.radovansancevic.com\/web2022\/wp-json\/wp\/v2\/comments?post=444"}],"version-history":[{"count":8,"href":"https:\/\/www.radovansancevic.com\/web2022\/wp-json\/wp\/v2\/pages\/444\/revisions"}],"predecessor-version":[{"id":2749,"href":"https:\/\/www.radovansancevic.com\/web2022\/wp-json\/wp\/v2\/pages\/444\/revisions\/2749"}],"wp:attachment":[{"href":"https:\/\/www.radovansancevic.com\/web2022\/wp-json\/wp\/v2\/media?parent=444"}],"curies":[{"name":"wp","href":"https:\/\/api.w.org\/{rel}","templated":true}]}}